{"id":2050,"date":"2018-07-23T15:33:29","date_gmt":"2018-07-23T13:33:29","guid":{"rendered":"https:\/\/www.manpowergroup.pl\/en\/?page_id=2050"},"modified":"2023-06-13T13:43:07","modified_gmt":"2023-06-13T11:43:07","slug":"privacy-gdpr","status":"publish","type":"page","link":"https:\/\/www.manpowergroup.pl\/en\/privacy-gdpr\/","title":{"rendered":"Privacy GDPR"},"content":{"rendered":"<p><span data-contrast=\"auto\">ManpowerGroup&#8217;s overriding goal is to ensure the confidentiality, security of the personal data of our Customers, Employees, Job Candidates and Website Users as well as transparency and lawfulness in connection with the processing of such data.<\/span><span data-ccp-props=\"{&quot;201341983&quot;:0,&quot;335559739&quot;:160,&quot;335559740&quot;:259}\">&nbsp;<\/span><\/p>\n<p><span data-contrast=\"auto\">The Privacy Policy describes how personal data is protected and processed in accordance with the standards set forth in applicable laws.<\/span><span data-ccp-props=\"{&quot;201341983&quot;:0,&quot;335559739&quot;:160,&quot;335559740&quot;:259}\">&nbsp;<\/span><\/p>\n<p><span data-contrast=\"auto\">\u202f<\/span><span data-ccp-props=\"{&quot;201341983&quot;:0,&quot;335559739&quot;:160,&quot;335559740&quot;:259}\">&nbsp;<\/span><\/p>\n<p><strong>PERSONAL DATA CONTROLLER \u2013 STATEMENT OF JOINT CONTROLLERSHIP&nbsp;<\/strong><\/p>\n<p><span data-contrast=\"auto\">Pursuant to Article 13(1) and (2) and Article 14(1) and (2) of the Regulation (EU) 2016\/679 of the European Parliament and of the Council of 27 April 2016 on the protection of natural persons with regard to the processing of personal data and on the free movement of such data, and repealing Directive 95\/46\/EC, OJ EU L 119, 4.5.2016 (hereinafter referred to as \u201cGDPR\u201d), we would like to inform you that the Joint Controllers of your personal data are the companies of ManpowerGroup (hereinafter referred to as \u201cWADO\u201d):<\/span><span data-ccp-props=\"{&quot;201341983&quot;:0,&quot;335559739&quot;:160,&quot;335559740&quot;:259}\">&nbsp;<\/span><\/p>\n<p><span data-contrast=\"auto\">ManpowerGroup Sp. z o.o.\u202f\u2013 KRS No. 0000062137, registered seat at: 00-838 Warsaw, ul. Prosta 68<\/span><span data-ccp-props=\"{&quot;201341983&quot;:0,&quot;335559739&quot;:160,&quot;335559740&quot;:259}\">&nbsp;<\/span><\/p>\n<p><span data-contrast=\"auto\">MP Transactions Sp. z o.o.\u202f\u2013 KRS No. 0000339387, registered seat at: 00-838 Warsaw, ul. Prosta 68<\/span><span data-ccp-props=\"{&quot;201341983&quot;:0,&quot;335559739&quot;:160,&quot;335559740&quot;:259}\">&nbsp;<\/span><\/p>\n<p><span data-contrast=\"auto\">MP Services Sp. z o.o.\u202f\u2013 KRS No. 0000228311, registered seat at: 00-105 Warsaw, ul. Prosta 68<\/span><span data-ccp-props=\"{&quot;201341983&quot;:0,&quot;335559739&quot;:160,&quot;335559740&quot;:259}\">&nbsp;<\/span><\/p>\n<p><span data-contrast=\"auto\">MP Actions Sp. z o.o.\u202f\u2013 KRS No. 0000234796, registered seat at: 00-838 Warsaw, ul. Prosta 68<\/span><span data-ccp-props=\"{&quot;201341983&quot;:0,&quot;335559739&quot;:160,&quot;335559740&quot;:259}\">&nbsp;<\/span><\/p>\n<p><span data-contrast=\"auto\">ManpowerGroup Solutions Sp. z o.o.\u202f\u2013 KRS No. 0000373518, registered seat at: 00-838 Warsaw, ul. Prosta 68<\/span><span data-ccp-props=\"{&quot;201341983&quot;:0,&quot;335559739&quot;:160,&quot;335559740&quot;:259}\">&nbsp;<\/span><\/p>\n<p><span data-contrast=\"auto\">MP Management Sp. z o.o.\u202f\u2013 KRS No. 0000482136, registered seat at: 90-057 \u0141\u00f3d\u017a, ul. Sienkiewicza 85\/87<\/span><span data-ccp-props=\"{&quot;201341983&quot;:0,&quot;335559739&quot;:160,&quot;335559740&quot;:259}\">&nbsp;<\/span><\/p>\n<p><span data-contrast=\"auto\">\u202f<\/span><span data-ccp-props=\"{&quot;201341983&quot;:0,&quot;335559739&quot;:160,&quot;335559740&quot;:259}\">&nbsp;<\/span><\/p>\n<p><strong>WAYS OF OBTAINING DATA&nbsp;<\/strong><\/p>\n<p><span data-contrast=\"auto\">Directly from Data Subjects as part of ongoing recruitment processes, most often through the Candidate&#8217;s expression of a desire to participate in the recruitment process via recruitment forms, candidate accounts, job fair surveys, and by telephone;<\/span><span data-ccp-props=\"{&quot;201341983&quot;:0,&quot;335559739&quot;:160,&quot;335559740&quot;:259}\">&nbsp;<\/span><\/p>\n<p><span data-contrast=\"auto\">Directly from Data Subjects \u2013 obtained when Data Subjects use the website;<\/span><span data-ccp-props=\"{&quot;201341983&quot;:0,&quot;335559739&quot;:160,&quot;335559740&quot;:259}\">&nbsp;<\/span><\/p>\n<p><span data-contrast=\"auto\">Directly from Data Subjects at the time of hiring an employee (employment forms, employment contracts, civil law contracts, B2B, medical referrals);<\/span><span data-ccp-props=\"{&quot;201341983&quot;:0,&quot;335559739&quot;:160,&quot;335559740&quot;:259}\">&nbsp;<\/span><\/p>\n<p><span data-contrast=\"auto\">Directly from Data Subjects at the time of joining Benefit programs and internal training;<\/span><span data-ccp-props=\"{&quot;201341983&quot;:0,&quot;335559739&quot;:160,&quot;335559740&quot;:259}\">&nbsp;<\/span><\/p>\n<p><span data-contrast=\"auto\">Indirectly, as part of the sharing of data by other controllers under the law, or as a processor entrusted with the processing of data for the purposes specified by another controller;<\/span><span data-ccp-props=\"{&quot;201341983&quot;:0,&quot;335559739&quot;:160,&quot;335559740&quot;:259}\">&nbsp;<\/span><\/p>\n<p><span data-contrast=\"auto\">Indirectly, through mutual data sharing between business partners, customers and service providers, including contact data of representatives and employees of contracting parties.<\/span><span data-ccp-props=\"{&quot;201341983&quot;:0,&quot;335559739&quot;:160,&quot;335559740&quot;:259}\">&nbsp;<\/span><\/p>\n<p><span data-contrast=\"auto\">Indirectly, as part of the sharing of personal data by third parties and business partners.&nbsp;<\/span><span data-ccp-props=\"{&quot;201341983&quot;:0,&quot;335559739&quot;:160,&quot;335559740&quot;:259}\">&nbsp;<\/span><\/p>\n<p><strong>\u202f&nbsp;<\/strong><\/p>\n<p><strong>AREAS OF JOINT CONTROLLERSHIP&nbsp;<\/strong><\/p>\n<p><span data-contrast=\"auto\">Within the operations of the ManpowerGroup and all of its subsidiaries, we distinguish the following areas of joint controllership:<\/span><span data-ccp-props=\"{&quot;201341983&quot;:0,&quot;335559739&quot;:160,&quot;335559740&quot;:259}\">&nbsp;<\/span><\/p>\n<p><span data-contrast=\"auto\">\u2013 RECRUITMENT \u2013 an area of internal and external recruitment conducted jointly on behalf of all companies using a common database of job candidates,<\/span><span data-ccp-props=\"{&quot;201341983&quot;:0,&quot;335559739&quot;:160,&quot;335559740&quot;:259}\">&nbsp;<\/span><\/p>\n<p><span data-contrast=\"auto\">\u2013 HR AND PAYROLL SERVICE \u2013 of internal, external and temporary employees, which is carried out by the HR and Payroll Department shared by all companies,<\/span><span data-ccp-props=\"{&quot;201341983&quot;:0,&quot;335559739&quot;:160,&quot;335559740&quot;:259}\">&nbsp;<\/span><\/p>\n<p><span data-contrast=\"auto\">\u2013 PAYROLL \u2013 payroll services for external and temporary employees, which is carried out by the Payroll Department shared by all companies,<\/span><span data-ccp-props=\"{&quot;201341983&quot;:0,&quot;335559739&quot;:160,&quot;335559740&quot;:259}\">&nbsp;<\/span><\/p>\n<p><span data-contrast=\"auto\">\u2013 ACCOUNTING \u2013 conducted for all companies by a common Accounting Department,<\/span><span data-ccp-props=\"{&quot;201341983&quot;:0,&quot;335559739&quot;:160,&quot;335559740&quot;:259}\">&nbsp;<\/span><\/p>\n<p><span data-contrast=\"auto\">\u2013 MARKETING AND PUBLIC RELATIONS \u2013 carried out by persons employed by WADO jointly for all companies,<\/span><span data-ccp-props=\"{&quot;201341983&quot;:0,&quot;335559739&quot;:160,&quot;335559740&quot;:259}\">&nbsp;<\/span><\/p>\n<p><span data-contrast=\"auto\">\u2013 LEGAL SERVICE AND ADVICE \u2013 the area of cooperation with customers, keeping a record of commercial contracts by one Legal Department and contracts with customers.<\/span><span data-ccp-props=\"{&quot;201341983&quot;:0,&quot;335559739&quot;:160,&quot;335559740&quot;:259}\">&nbsp;<\/span><\/p>\n<p><strong>\u202f&nbsp;<\/strong><\/p>\n<p><strong>ESSENTIAL CATEGORIES OF PERSONAL DATA SUBJECTS THAT WE PROCESS&nbsp;<\/strong><\/p>\n<p><span data-contrast=\"auto\">\u2013 job candidates;<\/span><span data-ccp-props=\"{&quot;201341983&quot;:0,&quot;335559739&quot;:160,&quot;335559740&quot;:259}\">&nbsp;<\/span><\/p>\n<p><span data-contrast=\"auto\">\u2013 temporary employees hired under the provisions of the Act on the Employment of Temporary Employees;<\/span><span data-ccp-props=\"{&quot;201341983&quot;:0,&quot;335559739&quot;:160,&quot;335559740&quot;:259}\">&nbsp;<\/span><\/p>\n<p><span data-contrast=\"auto\">\u2013 external employees performing work or services at the Customer&#8217;s premises;<\/span><span data-ccp-props=\"{&quot;201341983&quot;:0,&quot;335559739&quot;:160,&quot;335559740&quot;:259}\">&nbsp;<\/span><\/p>\n<p><span data-contrast=\"auto\">\u2013 WADO internal employees;<\/span><span data-ccp-props=\"{&quot;201341983&quot;:0,&quot;335559739&quot;:160,&quot;335559740&quot;:259}\">&nbsp;<\/span><\/p>\n<p><span data-contrast=\"auto\">\u2013 users of this website;<\/span><span data-ccp-props=\"{&quot;201341983&quot;:0,&quot;335559739&quot;:160,&quot;335559740&quot;:259}\">&nbsp;<\/span><\/p>\n<p><span data-contrast=\"auto\">\u2013 employees or associates of our Customers or Suppliers.<\/span><span data-ccp-props=\"{&quot;201341983&quot;:0,&quot;335559739&quot;:160,&quot;335559740&quot;:259}\">&nbsp;<\/span><\/p>\n<p><strong>\u202f&nbsp;<\/strong><\/p>\n<p><strong>PURPOSES AND LEGAL BASIS FOR THE PROCESSING OF PERSONAL DATA&nbsp;<\/strong><\/p>\n<p><span data-contrast=\"auto\">Users&#8217; personal data may be processed:<\/span><span data-ccp-props=\"{&quot;201341983&quot;:0,&quot;335559739&quot;:160,&quot;335559740&quot;:259}\">&nbsp;<\/span><\/p>\n<p><span data-contrast=\"auto\">(a) for the purpose of contact, i.e. to answer the questions asked by the User via the contact form and to obtain information about the Joint Controllers&#8217; offer \u2013 in this case, the processing of data by the Joint Controllers takes place based on the User&#8217;s consent (Article 6(1)(a) GDPR);<\/span><span data-ccp-props=\"{&quot;201341983&quot;:0,&quot;335559739&quot;:160,&quot;335559740&quot;:259}\">&nbsp;<\/span><\/p>\n<p><span data-contrast=\"auto\">(b) for the purposes of the Joint Controllers&#8217; legitimate interests related to the operation of the website, including analysing the User&#8217;s use of the website (Article 6(1)(f) GDPR);<\/span><span data-ccp-props=\"{&quot;201341983&quot;:0,&quot;335559739&quot;:160,&quot;335559740&quot;:259}\">&nbsp;<\/span><\/p>\n<p><span data-contrast=\"auto\">(c) in order to pursue the legitimate interests of the Joint Controllers, which may include, but are not limited to, establishing, asserting and defending claims, preventing crimes and conducting related investigations, ensuring accountability in accordance with the GDPR, managing and further developing business operations, including risk management (Article 6(1)(f) GDPR);<\/span><span data-ccp-props=\"{&quot;201341983&quot;:0,&quot;335559739&quot;:160,&quot;335559740&quot;:259}\">&nbsp;<\/span><\/p>\n<p><span data-contrast=\"auto\">(d) for the purposes of direct marketing of the Joint Controllers, including the selection of services to meet the needs of Users (including profiling) based on cookies and other similar technologies, as referred to in point 9 \u2013 in this case, the processing of data by the Joint Controllers takes place based on the legitimate interest of the Joint Controllers (Article 6(1)(f) GDPR);<\/span><span data-ccp-props=\"{&quot;201341983&quot;:0,&quot;335559739&quot;:160,&quot;335559740&quot;:259}\">&nbsp;<\/span><\/p>\n<p><span data-contrast=\"auto\">(e) for marketing purposes of the Joint Controllers, carried out in particular through the newsletter service, resulting from the consent given by the User (Article 6(1)(a) GDPR);<\/span><span data-ccp-props=\"{&quot;201341983&quot;:0,&quot;335559739&quot;:160,&quot;335559740&quot;:259}\">&nbsp;<\/span><\/p>\n<p><span data-contrast=\"auto\">(f) in order to conduct the recruitment process based on the consent of job candidates and employees to the processing of personal data \u2013 Article 6(1)(a) GDPR, Article 9(2)(a) GDPR;<\/span><span data-ccp-props=\"{&quot;201341983&quot;:0,&quot;335559739&quot;:160,&quot;335559740&quot;:259}\">&nbsp;<\/span><\/p>\n<p><span data-contrast=\"auto\">(g) for the purpose of entering into a contract, performance of the contract and execution of the contract \u2013 Article 6(1)(b) GDPR;<\/span><span data-ccp-props=\"{&quot;201341983&quot;:0,&quot;335559739&quot;:160,&quot;335559740&quot;:259}\">&nbsp;<\/span><\/p>\n<p><span data-contrast=\"auto\">(h) for the purpose of fulfilling the legal obligations of the employing entity, arising in particular from the provisions of labour law and the obligations of the temporary employment agency under the provisions of the Act on the Employment of Temporary Employees \u2013 Article 6(1)(c) GDPR.<\/span><span data-ccp-props=\"{&quot;201341983&quot;:0,&quot;335559739&quot;:160,&quot;335559740&quot;:259}\">&nbsp;<\/span><\/p>\n<p><strong>\u202f&nbsp;<\/strong><\/p>\n<p><strong>RIGHTS OF DATA SUBJECTS&nbsp;<\/strong><\/p>\n<p><span data-contrast=\"auto\">We would like to inform you that all Data Subjects whose data we obtain directly have the right (depending on the legal basis of the processing) to withdraw their consent to the processing of personal data, the right to demand from WADO access to their personal data, rectification, erasure or restriction of processing, as well as the right to object to the processing and, in the case of Data Subjects whose data we obtained directly from Data Subjects, also the right to data portability.<\/span><span data-ccp-props=\"{&quot;201341983&quot;:0,&quot;335559739&quot;:160,&quot;335559740&quot;:259}\">&nbsp;<\/span><\/p>\n<p><span data-contrast=\"auto\">Please be advised that you can withdraw your consent at any time. Withdrawal of consent does not affect the lawfulness of processing carried out beforehand. For evidence purposes, please withdraw your consents in writing by sending a letter to the registered seat address or via e-mail.<\/span><span data-ccp-props=\"{&quot;201341983&quot;:0,&quot;335559739&quot;:160,&quot;335559740&quot;:259}\">&nbsp;<\/span><\/p>\n<p><span data-contrast=\"auto\">Exercise of the above-mentioned rights is possible through the form available on the <\/span><a href=\"https:\/\/privacy-portal-manpowergroup.my.onetrust.com\/webform\/1ef6af7e-5375-472f-9219-c7092454fa4f\/e5b8641e-dac2-4c5f-9912-da075be2b0c8\"><span data-contrast=\"none\">Application Support Portal<\/span><\/a> <a href=\"https:\/\/privacy-portal-manpowergroup.my.onetrust.com\/webform\/1ef6af7e-5375-472f-9219-c7092454fa4f\/e5b8641e-dac2-4c5f-9912-da075be2b0c8\"><span data-contrast=\"none\">(click<\/span><\/a><span data-contrast=\"auto\">). For those who do not use the Internet, WADO provide the option of making a request by e-mail: ul. Prosta 68, 00-838, Warsaw or by submitting the request in person at the head office or any WADO branch.&nbsp;<\/span><span data-ccp-props=\"{&quot;201341983&quot;:0,&quot;335559739&quot;:160,&quot;335559740&quot;:259}\">&nbsp;<\/span><\/p>\n<p><span data-contrast=\"auto\">Data Subjects also have the right to lodge a complaint with the supervisory authority (UODO [Office for Personal Data Protection], ul. Stawki 2, 00-193 Warsaw).<\/span>&nbsp;<br \/>\n<span data-ccp-props=\"{&quot;201341983&quot;:0,&quot;335559739&quot;:160,&quot;335559740&quot;:259}\">&nbsp;<\/span><\/p>\n<p><span data-contrast=\"auto\">We also inform that:<\/span><span data-ccp-props=\"{&quot;201341983&quot;:0,&quot;335559739&quot;:160,&quot;335559740&quot;:259}\">&nbsp;<\/span><\/p>\n<p><span data-contrast=\"auto\">\u2013 automated decisions (decisions without significant human involvement) will not be made with respect to Data Subjects, and, generally, personal data of Data Subjects will not be subject to profiling by WADO.<\/span><span data-ccp-props=\"{&quot;201341983&quot;:0,&quot;335559739&quot;:160,&quot;335559740&quot;:259}\">&nbsp;<\/span><\/p>\n<p><span data-contrast=\"auto\">\u2013 in case the processing of personal data violates applicable laws, all Data Subjects have the right to lodge a complaint with the supervisory authority, i.e. the President of the Office for Personal Data Protection.<\/span><span data-ccp-props=\"{&quot;201341983&quot;:0,&quot;335559739&quot;:160,&quot;335559740&quot;:259}\">&nbsp;<\/span><\/p>\n<p>&nbsp;<\/p>\n<p><strong>TRANSFER OF DATA TO THIRD COUNTRIES&nbsp;<\/strong><\/p>\n<p><span data-contrast=\"auto\">As a general rule, your personal data will not be transferred to countries outside the European Economic Area, which consists of the countries of the European Union and Iceland, Norway and Liechtenstein. Your personal data may be transferred to the United Kingdom of Great Britain and Northern Ireland, against which, on 28 June 2021 the European Commission issued a decision finding an adequate level of protection for personal data.<\/span><span data-ccp-props=\"{&quot;201341983&quot;:0,&quot;335559739&quot;:160,&quot;335559740&quot;:259}\">&nbsp;<\/span><\/p>\n<p><span data-contrast=\"auto\">In some cases, particularly in connection with the implementation of cooperation with IT solution providers or the need to transfer data to a potential employer, your personal data may be transferred to other third countries. In this case, the personal data safeguards referred to in Articles 46\u201349 GDPR, such as standard data protection clauses adopted by the European Commission, will be applied.<\/span><span data-ccp-props=\"{&quot;201341983&quot;:0,&quot;335559739&quot;:160,&quot;335559740&quot;:259}\">&nbsp;<\/span><\/p>\n<p><span data-ccp-props=\"{&quot;201341983&quot;:0,&quot;335559739&quot;:160,&quot;335559740&quot;:259}\">&nbsp;<\/span><\/p>\n<p><strong>RECIPIENTS OF PERSONAL DATA&nbsp;<\/strong><\/p>\n<p><span data-contrast=\"auto\">We may transfer personal data, depending on the purpose and legal basis, in part or in whole to other entities. Recipients of personal data are most often:<\/span><span data-ccp-props=\"{&quot;201341983&quot;:0,&quot;335559739&quot;:160,&quot;335559740&quot;:259}\">&nbsp;<\/span><\/p>\n<p><span data-contrast=\"auto\">&#8211; WADO&#8217;s customers, including primarily job seekers;<\/span><span data-ccp-props=\"{&quot;201341983&quot;:0,&quot;335559739&quot;:160,&quot;335559740&quot;:259}\">&nbsp;<\/span><\/p>\n<p><span data-contrast=\"auto\">\u2013 service providers \u2013 entities that process data on our behalf and according to our instructions and for a purpose that is strictly defined by us;<\/span><span data-ccp-props=\"{&quot;201341983&quot;:0,&quot;335559739&quot;:160,&quot;335559740&quot;:259}\">&nbsp;<\/span><\/p>\n<p><span data-contrast=\"auto\">\u2013 infrastructure, IT, technical and maintenance service providers;<\/span><span data-ccp-props=\"{&quot;201341983&quot;:0,&quot;335559739&quot;:160,&quot;335559740&quot;:259}\">&nbsp;<\/span><\/p>\n<p><span data-contrast=\"auto\">\u2013 benefit providers;<\/span><span data-ccp-props=\"{&quot;201341983&quot;:0,&quot;335559739&quot;:160,&quot;335559740&quot;:259}\">&nbsp;<\/span><\/p>\n<p><span data-contrast=\"auto\">\u2013 public institutions \u2013 to which data is transferred on the basis of the law;<\/span><span data-ccp-props=\"{&quot;201341983&quot;:0,&quot;335559739&quot;:160,&quot;335559740&quot;:259}\">&nbsp;<\/span><\/p>\n<p><span data-contrast=\"auto\">\u2013 audit firms, tax consultants, law firms and others.<\/span><span data-ccp-props=\"{&quot;201341983&quot;:0,&quot;335559739&quot;:160,&quot;335559740&quot;:259}\">&nbsp;<\/span><\/p>\n<p><span data-contrast=\"auto\">\u202f<\/span><span data-ccp-props=\"{&quot;201341983&quot;:0,&quot;335559739&quot;:160,&quot;335559740&quot;:259}\">&nbsp;<\/span><\/p>\n<p><strong>RETENTION PERIOD FOR PERSONAL DATA&nbsp;<\/strong><\/p>\n<p><span data-contrast=\"auto\">The Joint Controllers process the User&#8217;s personal data in the manner and for the period of time that is necessary to fulfil the purposes for which the data was collected.<\/span><span data-ccp-props=\"{&quot;201341983&quot;:0,&quot;335559739&quot;:160,&quot;335559740&quot;:259}\">&nbsp;<\/span><\/p>\n<p><span data-contrast=\"auto\">In the case of data processing:<\/span><span data-ccp-props=\"{&quot;201341983&quot;:0,&quot;335559739&quot;:160,&quot;335559740&quot;:259}\">&nbsp;<\/span><\/p>\n<p><span data-contrast=\"auto\">(a) based on the User&#8217;s consent \u2013 the User&#8217;s data will be processed until the consent is withdrawn;<\/span><span data-ccp-props=\"{&quot;201341983&quot;:0,&quot;335559739&quot;:160,&quot;335559740&quot;:259}\">&nbsp;<\/span><\/p>\n<p><span data-contrast=\"auto\">(b) in order to ensure compliance with legal obligations imposed on the Joint Controllers \u2013 the User&#8217;s data will be processed for the period required by law;<\/span><span data-ccp-props=\"{&quot;201341983&quot;:0,&quot;335559739&quot;:160,&quot;335559740&quot;:259}\">&nbsp;<\/span><\/p>\n<p><span data-contrast=\"auto\">(c) for the purposes of direct marketing of the Joint Controllers, including selection of services to meet the needs of the User (profiling) \u2013 the User&#8217;s data will be processed until the User raises an objection or withdraws consent;<\/span><span data-ccp-props=\"{&quot;201341983&quot;:0,&quot;335559739&quot;:160,&quot;335559740&quot;:259}\">&nbsp;<\/span><\/p>\n<p><span data-contrast=\"auto\">(d) for the purpose of concluding, performing, executing a contract \u2013 until the termination of cooperation and the expiration of limitation periods;<\/span><span data-ccp-props=\"{&quot;201341983&quot;:0,&quot;335559739&quot;:160,&quot;335559740&quot;:259}\">&nbsp;<\/span><\/p>\n<p><span data-contrast=\"auto\">(e) for the purposes of realisation of other legitimate interests of the Joint Controllers \u2013 data will be processed until the realisation of the WADO&#8217;s legitimate interests or consideration of an objection raised by the User or the expiration of the period of limitation of claims.<\/span><span data-ccp-props=\"{&quot;201341983&quot;:0,&quot;335559739&quot;:160,&quot;335559740&quot;:259}\">&nbsp;<\/span><\/p>\n<p><span data-contrast=\"auto\">In the case of recruitment processes, the retention period of personal data in our organisation has been set for a period of 1 month from the date of completion of the ongoing recruitment, and in the case of consent to process data for future recruitments \u2013 for a period of up to 3 years from the submission of the application or until the withdrawal of consent to processing, whichever occurs first.<\/span><span data-ccp-props=\"{&quot;201341983&quot;:0,&quot;335559739&quot;:160,&quot;335559740&quot;:259}\">&nbsp;<\/span><\/p>\n<p><span data-contrast=\"auto\">Once the recruitment process has been completed, the data may be kept for the period necessary for the purposes of establishing, asserting and defending claims, which constitutes a legitimate interest of WADO within the meaning of Article 6(1)(f) GDPR.<\/span><span data-ccp-props=\"{&quot;201341983&quot;:0,&quot;335559739&quot;:160,&quot;335559740&quot;:259}\">&nbsp;<\/span><\/p>\n<p><span data-contrast=\"auto\">For personal data processed under the law, WADO shall apply a retention period in accordance with applicable laws.<\/span><span data-ccp-props=\"{&quot;201341983&quot;:0,&quot;335559739&quot;:160,&quot;335559740&quot;:259}\">&nbsp;<\/span><\/p>\n<p><span data-contrast=\"auto\">In the case of data processed for WADO&#8217;s legitimate interest outside the contractual relationship, we process the data for as long as we have a legitimate interest.<\/span><span data-ccp-props=\"{&quot;201341983&quot;:0,&quot;335559739&quot;:160,&quot;335559740&quot;:259}\">&nbsp;<\/span><\/p>\n<p><strong>\u202f&nbsp;<\/strong><\/p>\n<p><strong>DATA PROTECTION OFFICER&nbsp;<\/strong><\/p>\n<p><span data-contrast=\"auto\">We take the protection of personal data very seriously, which is why in the course of our activities as WADO (by an appropriate resolution as each company) we have appointed a single, joint Data Protection Officer, who can be contacted by e-mail:\u202f<\/span><a href=\"mailto:daneosobowe@manpower.pl\"><span data-contrast=\"none\">daneosobowe@manpower.pl,<\/span><\/a><span data-contrast=\"auto\"> by mail: ul. Prosta 68, 00-838, Warsaw and through the form available on the <\/span><a href=\"https:\/\/privacy-portal-manpowergroup.my.onetrust.com\/webform\/1ef6af7e-5375-472f-9219-c7092454fa4f\/e5b8641e-dac2-4c5f-9912-da075be2b0c8\"><span data-contrast=\"none\">Application Service Portal<\/span><\/a> <a href=\"https:\/\/privacy-portal-manpowergroup.my.onetrust.com\/webform\/1ef6af7e-5375-472f-9219-c7092454fa4f\/e5b8641e-dac2-4c5f-9912-da075be2b0c8\"><span data-contrast=\"none\">(click<\/span><\/a><span data-contrast=\"auto\">).<\/span><span data-ccp-props=\"{&quot;201341983&quot;:0,&quot;335559739&quot;:160,&quot;335559740&quot;:259}\">&nbsp;<\/span><\/p>\n<p>&nbsp;<\/p>\n<p><span data-ccp-props=\"{&quot;201341983&quot;:0,&quot;335559739&quot;:160,&quot;335559740&quot;:259}\">&nbsp;<\/span><\/p>\n<p>&nbsp;<\/p>\n<p><span data-ccp-props=\"{&quot;201341983&quot;:0,&quot;335559739&quot;:160,&quot;335559740&quot;:259}\">&nbsp;<\/span><\/p>\n","protected":false},"excerpt":{"rendered":"<p>ManpowerGroup&#8217;s overriding goal is to ensure the confidentiality, security of the personal data of our Customers, Employees, Job Candidates and Website Users as well as transparency<span class=\"excerpt-hellip\"> [\u2026]<\/span><\/p>\n","protected":false},"author":4,"featured_media":0,"parent":0,"menu_order":0,"comment_status":"closed","ping_status":"closed","template":"","meta":{"_exactmetrics_skip_tracking":false,"_exactmetrics_sitenote_active":false,"_exactmetrics_sitenote_note":"","_exactmetrics_sitenote_category":0,"ngg_post_thumbnail":0},"_links":{"self":[{"href":"https:\/\/www.manpowergroup.pl\/en\/wp-json\/wp\/v2\/pages\/2050"}],"collection":[{"href":"https:\/\/www.manpowergroup.pl\/en\/wp-json\/wp\/v2\/pages"}],"about":[{"href":"https:\/\/www.manpowergroup.pl\/en\/wp-json\/wp\/v2\/types\/page"}],"author":[{"embeddable":true,"href":"https:\/\/www.manpowergroup.pl\/en\/wp-json\/wp\/v2\/users\/4"}],"replies":[{"embeddable":true,"href":"https:\/\/www.manpowergroup.pl\/en\/wp-json\/wp\/v2\/comments?post=2050"}],"version-history":[{"count":16,"href":"https:\/\/www.manpowergroup.pl\/en\/wp-json\/wp\/v2\/pages\/2050\/revisions"}],"predecessor-version":[{"id":4200,"href":"https:\/\/www.manpowergroup.pl\/en\/wp-json\/wp\/v2\/pages\/2050\/revisions\/4200"}],"wp:attachment":[{"href":"https:\/\/www.manpowergroup.pl\/en\/wp-json\/wp\/v2\/media?parent=2050"}],"curies":[{"name":"wp","href":"https:\/\/api.w.org\/{rel}","templated":true}]}}