{"id":2367,"date":"2020-07-30T09:37:51","date_gmt":"2020-07-30T07:37:51","guid":{"rendered":"https:\/\/www.manpowergroup.pl\/?page_id=2367"},"modified":"2020-07-30T09:37:51","modified_gmt":"2020-07-30T07:37:51","slug":"privacy-4","status":"publish","type":"page","link":"https:\/\/www.manpowergroup.pl\/en\/privacy-4\/","title":{"rendered":"Privacy"},"content":{"rendered":"<h1>Privacy<\/h1>\n<p><strong>ManpowerGroup Global Privacy Policy<\/strong><\/p>\n<p><!-- OneTrust Cookies Settings button start --><a class=\"optanon-show-settings\">Cookies settings<\/a><br \/>\n<!-- OneTrust Cookies Settings button end --><\/p>\n<p>The ManpowerGroup\u2019s superior goal is to ensure the confidentiality of data of our Customers, Employees, and Job Applicants as well as transparency in their processing.<\/p>\n<p>The Privacy Policy describes the method of protection and processing of personal data in accordance with the standards specified in the following applicable legal provisions:<\/p>\n<ul>\n<li>Regulation of the European Parliament and of the Council (EU) 2016\/679 of 27 April 2016 on the protection of natural persons with regard to the processing of personal data and on the free movement of such data, and repealing Directive\u00a095\/46\/EC (General Data Protection Regulation) \u2013 OJ EU L 119 of 4.5.2016; hereinafter referred to as GDPR;<\/li>\n<li>Guidelines on Data Protection Impact Assessment (DPIA) and determining whether processing is \u201clikely to result in a high risk\u201d for the purposes of Regulation 2016\/679, of the Article 29 Working Party of 4 April 2017; WP 248\/17;<\/li>\n<li>Guidelines on Data Protection Officers (DPO) of the 29 Article Working Party of 13 April 2016, WP 243\/16, revised on 5 April 2017;<\/li>\n<li>Personal Data Protection Act of 10 May 2018;<\/li>\n<li>Act of 26 June 1974 \u2013 Labour Code, consolidated text: Journal of Laws of 2018, item 108, as amended); hereinafter referred to as Labour Code.<\/li>\n<\/ul>\n<p>&nbsp;<\/p>\n<p><strong>DATA CONTROLLER \u2013 CO-CONTROLLING DECLARATION <\/strong><\/p>\n<p>Pursuant to Art. 13 (1) and (2) of the Regulation of the European Parliament and of the Council (EU) 2016\/679 of 27 April 2016 on the protection of natural persons with regard to the processing of personal data and on the free movement of such data, and repealing Directive\u00a095\/46\/EC, OJ EU L 119 of 4.5.2016 (hereinafter referred to as GDPR), we inform that the following members of the ManpowerGroup Capital Group (hereinafter referred to as <strong>WADO<\/strong>) will be data co-controllers:<\/p>\n<ul>\n<li><strong>ManpowerGroup Sp. zo.<\/strong> \u2013 KRS 0000062137, registered office: 00-838 Warsaw, 68, Prosta Street<\/li>\n<li><strong>MP Transactions Sp. zo.<\/strong> \u2013 KRS 0000339387, registered office: 00-838 Warsaw, 68, Prosta Street<\/li>\n<li><strong>MP Services Sp. zo.<\/strong> \u2013 KRS 0000228311, registered office: 00-105 Warsaw, 68, Prosta Street<\/li>\n<li><strong>Proservia Polska Sp. zo.<\/strong> \u2013 KRS 0000234796, registered office: 00-838 Warsaw, 68, Prosta Street<\/li>\n<li><strong>ManpowerGroup Solutions Sp. zo.<\/strong> \u2013 KRS 0000373518, registered office: 00-838 Warsaw, 68, Prosta Street<\/li>\n<li><strong>MP Management Sp. zo.<\/strong> \u2013 KRS 0000482136, registered office: 90-057 \u0141\u00f3d\u017a,<br \/>\n85\/87, Sienkiewicza Street<\/li>\n<\/ul>\n<p><strong>DATA COLLECTION METHOD <\/strong><\/p>\n<ul>\n<li>Directly from Data Subjects at the time of conducting recruitment processes, most often at the first contact, both electronically (recruitment forms, candidate account, surveys at job fairs) and by phone (invitation to the recruitment process, telephone interview, submission of an offer)<\/li>\n<li>Directly from Data Subjects during the implementation of Employee Referral Programs<\/li>\n<li>Directly from Data Subjects at the moment of employment (employment forms, employment contracts, civil law contracts, B2B contracts, referrals for medical examinations)<\/li>\n<li>Directly from Data Subjects at the moment of joining Benefit Programmes and internal trainings<\/li>\n<\/ul>\n<p><strong>\u00a0<\/strong><\/p>\n<ul>\n<li>Indirectly, in the form of sharing data by other data controllers under the provisions of law, or as a processor in the form of subcontracting for the purposes indicated by another controller<\/li>\n<li>Indirectly, within the framework of mutual data sharing between business partners, customers, and service providers, including the contact details of the contracting party representatives<\/li>\n<\/ul>\n<p>&nbsp;<\/p>\n<p><strong>PERSONAL DATA STORAGE LOCATION <\/strong><\/p>\n<p>We store collected personal data in the European Economic Area (\u201cEEA\u201d) on highly secured servers. Each operation of transferring and processing personal data is performed in accordance with applicable law.<\/p>\n<p><strong>CO-CONTROLLING AREAS <\/strong><\/p>\n<p>As a part of the operations of ManpowerGroup Capital Group and all of its subsidiaries, there are the following co-controlling areas:<\/p>\n<ul>\n<li>RECRUITMENT \u2013 internal and external recruitment conducted jointly on behalf of all companies using a common database of job applicants<\/li>\n<li>HR AND PAYROLL SERVICES \u2013 provided for internal, external, and temporary employees by HR and Payroll Department common for all companies<\/li>\n<li>PAYROLL \u2013 payroll services provided for external and temporary employees by the Payroll Department common for all companies<\/li>\n<li>ACCOUNTING \u2013 provided for all companies by a common Accounting Department<\/li>\n<li>MARKETING AND PUBLIC RELATIONS \u2013 provided by persons employed in WADO jointly for all companies<\/li>\n<li>\u2013 SERVICE AND LEGAL CONSULTANCY \u2013 the area of cooperation with customers, keeping a register of commercial contracts by one legal department and contracts with clients<\/li>\n<\/ul>\n<p>&nbsp;<\/p>\n<p><strong>ESSENTIAL CATEGORIES OF DATA SUBJECTS PROCESSED <\/strong><\/p>\n<ul>\n<li>Job applicants<\/li>\n<li>Temporary workers employed on the basis of the provisions of the Act on the Employment of Temporary Workers<\/li>\n<li>External employees who work or perform services at the Customer\u2019s site<\/li>\n<li>WADO\u2019s internal employees<\/li>\n<\/ul>\n<p>&nbsp;<\/p>\n<p><strong>LEGAL BASIS FOR PERSONAL DATA PROCESSING BY US<\/strong><\/p>\n<ul>\n<li>Consents of job applicants and employees to the processing of personal data &#8211; 6 p. 1a GDPR<\/li>\n<li>Execution and implementation of contracts with customers &#8211; 6 p. 1b GDPR<\/li>\n<li>Implementation of contracts and obligations of a temporary work agency resulting from the provisions of the Act on the Employment of Temporary Workers, including Implementation of contracts and obligations of an employing entity under the provisions of law &#8211; art. 6 p. 1c GDPR<\/li>\n<\/ul>\n<ul>\n<li>WADO\u2019s legitimate interest &#8211; 6 p. 1f GDPR<\/li>\n<\/ul>\n<p>&nbsp;<\/p>\n<p><strong>DATA SUBJECTS\u2019 RIGHTS<\/strong><\/p>\n<p>All Data Subjects are entitled to:<\/p>\n<ul>\n<li>Withdraw consent to personal data processing at any time. They can withdraw their consent by email: <a href=\"mailto:daneosobowe@pl.manpowergroup.com\">daneosobowe@pl.manpowergroup.com<\/a>, telephone: +48 22 50 40 715, or post: <a href=\"https:\/\/na01.safelinks.protection.outlook.com\/?url=https%3A%2F%2Fmaps.google.com%2F%3Fq%3Dul.%2BProsta%2B68%2C%2B00-838%2C%2BWarszawa%26entry%3Dgmail%26source%3Dg&amp;data=02%7C01%7Cdaneosobowe%40manpower.pl%7C3fcf5b92a4c34aaf06f708d5c3ef84ff%7Ce2ba81b803fe407c96a1f4bc0f512e7d%7C0%7C0%7C636630355865163356&amp;sdata=6R6f1tO5ZwlZe6ww3K8vSPTZd0FGqeJ7EE0eQB5kksI%3D&amp;reserved=0\">68, Prosta Street, 00-838 Warsaw<\/a>, or personally at the registered office or any branch of WADO.<\/li>\n<li>Request access to their data from WADO, rectify, erase, or restrict processing, as well as object to data processing and request their data portability and in the case of data subjects whose data have been obtained directly from data subjects, also the right to data portability<\/li>\n<\/ul>\n<p>Withdrawing consent and sending requests mentioned above can be delivered via\u00a0<a href=\"https:\/\/app-de.onetrust.com\/app\/#\/webform\/c7f18f6c-59e3-4ac6-a6b5-b0d75fa40087\">Data Subject Rights\u2019 Access Portal\u00a0<\/a>dedicated to all Data Subjects registered in our databases.<\/p>\n<p>&nbsp;<\/p>\n<p>In addition, we inform you that:<\/p>\n<ul>\n<li>Data Subjects will not be subject to any automated decisions (decisions without significant human involvement), including Data Subject\u2019s personal information will not be subject to profiling.<\/li>\n<li>Where the processing of personal data violates applicable legal regulations, all Data Subjects will have the RIGHT TO LODGE A COMPLAINT WITH THE SUPERVISORY AUTHORITY, i.e. the President of the Personal Data Protection Office.<\/li>\n<\/ul>\n<p>&nbsp;<\/p>\n<p><strong>DATA RECIPIENTS <\/strong><\/p>\n<p><strong>\u00a0<\/strong><\/p>\n<ul>\n<li>Depending on the purpose and legal basis, we may transfer personal data in whole or in part to third parties. Most often, recipients of personal data are:<\/li>\n<li>WADO\u2019s clients, including first of all entities looking for new employees<\/li>\n<li>Service providers \u2013 entities processing data on our behalf and in accordance with our instructions and for a specific purpose specified by us<\/li>\n<li>Providers of infrastructure, technical, and maintenance services<\/li>\n<li>Benefit service providers<\/li>\n<li>Public institutions \u2013 to whom data are transferred on the basis of legal provisions<\/li>\n<li>Audit firms, tax advisors, law firms, and others.<\/li>\n<\/ul>\n<p>&nbsp;<\/p>\n<p><strong>PERSONAL DATA RETENTION PERIOD<\/strong><\/p>\n<p>For recruitment, the personal data retention period has been determined based on the recruitment project duration criterion, which means that personal data of Data Subjects will be processed throughout the recruitment, and after its completion, the data will be retained for the period necessary to establish, investigate, or defend claims, which is a WADO\u2019s legitimate interest within the meaning of Art. 6 (1) (f) GDPR.<\/p>\n<p>The policy for validating consents determines the internal retention period to be three years, and after this period WADO will send a request to Data Subjects to renew their consents.<\/p>\n<p>In the case of areas related to employment, WADO applies a retention period in accordance with applicable law.<\/p>\n<p>In the case of areas related to employment, WADO applies a retention period in accordance with applicable law.<\/p>\n<p>In the case of data processed for the legitimate interest of WADO, outside the contractual relationship, we process the data as long as we have a legitimate interest.<\/p>\n<p>&nbsp;<\/p>\n<p><strong>DATA PROTECTION OFFICER<\/strong><\/p>\n<p>We take personal data protection very seriously, therefore, as part of our activities as WADO (by a relevant resolution by each of the companies), we have appointed one common Data Protection Officer. You can contact DPO by email: <a href=\"mailto:daneosobowe@pl.manpowergroup.com\">daneosobowe@pl.manpowergroup.com<\/a>, telephone: +48 22 50 40 715, or post: <a href=\"https:\/\/na01.safelinks.protection.outlook.com\/?url=https%3A%2F%2Fmaps.google.com%2F%3Fq%3Dul.%2BProsta%2B68%2C%2B00-838%2C%2BWarszawa%26entry%3Dgmail%26source%3Dg&amp;data=02%7C01%7Cdaneosobowe%40manpower.pl%7C3fcf5b92a4c34aaf06f708d5c3ef84ff%7Ce2ba81b803fe407c96a1f4bc0f512e7d%7C0%7C0%7C636630355865163356&amp;sdata=6R6f1tO5ZwlZe6ww3K8vSPTZd0FGqeJ7EE0eQB5kksI%3D&amp;reserved=0\">68, Prosta Street, 00-838 Warsaw<\/a>. aaa<\/p>\n<p>&nbsp;<\/p>\n","protected":false},"excerpt":{"rendered":"<p>Privacy ManpowerGroup Global Privacy Policy Cookies settings The ManpowerGroup\u2019s superior goal is to ensure the confidentiality of data of our Customers, Employees, and Job Applicants as<span class=\"excerpt-hellip\"> [\u2026]<\/span><\/p>\n","protected":false},"author":4,"featured_media":0,"parent":0,"menu_order":0,"comment_status":"closed","ping_status":"closed","template":"","meta":{"_exactmetrics_skip_tracking":false,"_exactmetrics_sitenote_active":false,"_exactmetrics_sitenote_note":"","_exactmetrics_sitenote_category":0,"ngg_post_thumbnail":0},"_links":{"self":[{"href":"https:\/\/www.manpowergroup.pl\/en\/wp-json\/wp\/v2\/pages\/2367"}],"collection":[{"href":"https:\/\/www.manpowergroup.pl\/en\/wp-json\/wp\/v2\/pages"}],"about":[{"href":"https:\/\/www.manpowergroup.pl\/en\/wp-json\/wp\/v2\/types\/page"}],"author":[{"embeddable":true,"href":"https:\/\/www.manpowergroup.pl\/en\/wp-json\/wp\/v2\/users\/4"}],"replies":[{"embeddable":true,"href":"https:\/\/www.manpowergroup.pl\/en\/wp-json\/wp\/v2\/comments?post=2367"}],"version-history":[{"count":1,"href":"https:\/\/www.manpowergroup.pl\/en\/wp-json\/wp\/v2\/pages\/2367\/revisions"}],"predecessor-version":[{"id":2917,"href":"https:\/\/www.manpowergroup.pl\/en\/wp-json\/wp\/v2\/pages\/2367\/revisions\/2917"}],"wp:attachment":[{"href":"https:\/\/www.manpowergroup.pl\/en\/wp-json\/wp\/v2\/media?parent=2367"}],"curies":[{"name":"wp","href":"https:\/\/api.w.org\/{rel}","templated":true}]}}