{"id":920,"date":"2017-12-07T22:21:15","date_gmt":"2017-12-07T10:21:15","guid":{"rendered":"https:\/\/www.manpowergroup.pl\/?page_id=920"},"modified":"2021-04-13T08:19:54","modified_gmt":"2021-04-13T06:19:54","slug":"right-management","status":"publish","type":"page","link":"https:\/\/www.manpowergroup.pl\/right-management\/","title":{"rendered":"Talent Solutions Right Management"},"content":{"rendered":"<h1>Talent Solutions Right Management<\/h1>\n<h2>ManpowerGroup \u2013 outplacement grupowy, outplacement indywidualny, wsparcie w zmianie dla organizacji.<\/h2>\n<p>W obliczu zmian na rynku, zmian w strukturze czy strategii firmy wymagaj\u0105cych zaplanowania czy restrukturyzacji w zakresie zasob\u00f3w ludzkich, organizacje ca\u0142ego \u015bwiata wybieraj\u0105 Talent Solutions Right Management. W Polsce us\u0142ugi outplacementu realizowane s\u0105 przez mark\u0119 ManpowerGroup na podstawie metodologii Talent Solutions Right Management.<\/p>\n<p>Skorzystanie z naszych us\u0142ug od pocz\u0105tku procesu redukcji zasob\u00f3w ludzkich skutkuje \u0142agodn\u0105 zmian\u0105 \u015bcie\u017cki kariery. Od ponad 30 lat korzystamy z technologii zar\u00f3wno innowacyjnych, jak i tych o ugruntowanej pozycji, wspieraj\u0105c firm\u0119 klienta podczas ca\u0142ego procesu, od powiadomienia o zwolnieniu po moment odej\u015bcia. B\u0119dziemy w stanie odnie\u015b\u0107 si\u0119 wobec reakcji pracownik\u00f3w, doradzi\u0107 im kolejne kroki i nawi\u0105za\u0107 wsp\u00f3\u0142prac\u0119 w celu uzyskania wsparcia w trakcie zmiany \u015bcie\u017cki kariery.<\/p>\n<p>Stawiamy sobie za cel zrozumienie zmiennych reali\u00f3w wsp\u00f3\u0142czesnego \u015brodowiska pracy. W odpowiedzi na potrzeby poszczeg\u00f3lnych kandydat\u00f3w w zakresie <strong>outplacementu<\/strong>, oferujemy zr\u00f3\u017cnicowane programy realizowane w biurze lub wirtualnie, zorientowane na zapewnienie skutecznych wynik\u00f3w. Wszyscy uczestnicy programu RightChoice korzystaj\u0105 ze spersonalizowanego, \u0142atwo dost\u0119pnego podej\u015bcia do zmiany \u015bcie\u017cki kariery, maja dost\u0119p do nowoczesnej technologii (u\u0142atwiaj\u0105cej wsp\u00f3\u0142prac\u0119) oraz najwa\u017cniejszych zasob\u00f3w, do momentu podj\u0119cia nowej pracy. Dodatkowe rozwi\u0105zania obejmuj\u0105 Life Options, kt\u00f3re pomagaj\u0105 poszczeg\u00f3lnym osobom w planowaniu nast\u0119pnej fazy kariery (emerytura, praca w niepe\u0142nym wymiarze godzin lub aktywna emerytura).<\/p>\n<p>Zapraszamy do odwiedzenia strony Talent Solutions Right Management <a href=\"http:\/\/rightmanagement.pl\/\">http:\/\/rightmanagement.pl\/<\/a><\/p>\n<p>&nbsp;<\/p>\n<h5>Porozmawiajmy, jakich rozwi\u0105za\u0144 na\u00a0dzi\u015b potrzebuje Twoja organizacja.<\/h5>\n<p>Agnieszka Krzemie\u0144<br \/>\nRight Management Leader<br \/>\n<a href=\"https:\/\/www.linkedin.com\/in\/agnieszkakrzemien\/\">www.linkedin.com\/in\/agnieszkakrzemien<\/a><br \/>\n<a href=\"mailto:right@pl.manpowergroup.com\">right@pl.manpowergroup.com<\/a><\/p>\n","protected":false},"excerpt":{"rendered":"<p>Talent Solutions Right Management ManpowerGroup \u2013 outplacement grupowy, outplacement indywidualny, wsparcie w zmianie dla organizacji. W obliczu zmian na rynku, zmian w strukturze czy strategii firmy<span class=\"excerpt-hellip\"> [\u2026]<\/span><\/p>\n","protected":false},"author":4,"featured_media":0,"parent":0,"menu_order":0,"comment_status":"closed","ping_status":"closed","template":"","meta":{"_exactmetrics_skip_tracking":false,"_exactmetrics_sitenote_active":false,"_exactmetrics_sitenote_note":"","_exactmetrics_sitenote_category":0,"ngg_post_thumbnail":0},"_links":{"self":[{"href":"https:\/\/www.manpowergroup.pl\/en\/wp-json\/wp\/v2\/pages\/920"}],"collection":[{"href":"https:\/\/www.manpowergroup.pl\/en\/wp-json\/wp\/v2\/pages"}],"about":[{"href":"https:\/\/www.manpowergroup.pl\/en\/wp-json\/wp\/v2\/types\/page"}],"author":[{"embeddable":true,"href":"https:\/\/www.manpowergroup.pl\/en\/wp-json\/wp\/v2\/users\/4"}],"replies":[{"embeddable":true,"href":"https:\/\/www.manpowergroup.pl\/en\/wp-json\/wp\/v2\/comments?post=920"}],"version-history":[{"count":10,"href":"https:\/\/www.manpowergroup.pl\/en\/wp-json\/wp\/v2\/pages\/920\/revisions"}],"predecessor-version":[{"id":3112,"href":"https:\/\/www.manpowergroup.pl\/en\/wp-json\/wp\/v2\/pages\/920\/revisions\/3112"}],"wp:attachment":[{"href":"https:\/\/www.manpowergroup.pl\/en\/wp-json\/wp\/v2\/media?parent=920"}],"curies":[{"name":"wp","href":"https:\/\/api.w.org\/{rel}","templated":true}]}}